{"id":195657,"date":"2025-12-11T15:24:03","date_gmt":"2025-12-11T21:24:03","guid":{"rendered":"https:\/\/errr-magazine.com\/?page_id=195657"},"modified":"2026-02-11T21:44:46","modified_gmt":"2026-02-12T03:44:46","slug":"prints","status":"publish","type":"page","link":"https:\/\/errr-magazine.com\/english\/prints\/","title":{"rendered":"Prints"},"content":{"rendered":"<h3 class=\"wp-block-heading\">Prints<\/h3>\n\n\n\n<div class=\"wp-block-columns is-layout-flex wp-container-core-columns-is-layout-28f84493 wp-block-columns-is-layout-flex\">\n<div class=\"wp-block-column is-layout-flow wp-block-column-is-layout-flow\">\n<p class=\"has-ibm-plex-mono-font-family\" style=\"font-size:11px\">\u201cPersonally, I can't live without my art. But I've never put that art above anything else.\u201d<br><br>-Albert Camus<\/p>\n<\/div>\n\n\n\n<div class=\"wp-block-column is-layout-flow wp-block-column-is-layout-flow\"><\/div>\n<\/div>\n\n\n\n<div class=\"wp-block-query is-layout-flow wp-block-query-is-layout-flow\"><ul class=\"columns-4 wp-block-post-template is-layout-grid wp-container-core-post-template-is-layout-e7fd85f5 wp-block-post-template-is-layout-grid\"><li class=\"wp-block-post post-201576 post type-post status-publish format-standard has-post-thumbnail hentry category-errr-prints\">\n\n<div class=\"wp-block-group is-layout-flow wp-block-group-is-layout-flow\" style=\"padding-top:0px;padding-right:0px;padding-bottom:0px;padding-left:0px\"><figure style=\"aspect-ratio:1;\" class=\"wp-block-post-featured-image\"><a href=\"https:\/\/errr-magazine.com\/english\/dont-think-twice\/\" target=\"_self\"  ><img decoding=\"async\" width=\"2000\" height=\"2000\" data-src=\"https:\/\/errr-magazine.com\/wp-content\/uploads\/2026\/03\/DSCF1206-cuadrada.jpg\" class=\"attachment-post-thumbnail size-post-thumbnail wp-post-image lazyload\" alt=\"Don&#8217;t think twice\" style=\"--smush-placeholder-width: 2000px; --smush-placeholder-aspect-ratio: 2000\/2000;border-radius:8px;border-style:none;border-width:0px;width:100%;height:100%;object-fit:cover;\" data-srcset=\"https:\/\/errr-magazine.com\/wp-content\/uploads\/2026\/03\/DSCF1206-cuadrada.jpg 2000w, https:\/\/errr-magazine.com\/wp-content\/uploads\/2026\/03\/DSCF1206-cuadrada-300x300.jpg 300w, https:\/\/errr-magazine.com\/wp-content\/uploads\/2026\/03\/DSCF1206-cuadrada-1024x1024.jpg 1024w, https:\/\/errr-magazine.com\/wp-content\/uploads\/2026\/03\/DSCF1206-cuadrada-768x768.jpg 768w, https:\/\/errr-magazine.com\/wp-content\/uploads\/2026\/03\/DSCF1206-cuadrada-1536x1536.jpg 1536w, https:\/\/errr-magazine.com\/wp-content\/uploads\/2026\/03\/DSCF1206-cuadrada-12x12.jpg 12w\" data-sizes=\"(max-width: 2000px) 100vw, 2000px\" src=\"data:image\/svg+xml;base64,PHN2ZyB3aWR0aD0iMSIgaGVpZ2h0PSIxIiB4bWxucz0iaHR0cDovL3d3dy53My5vcmcvMjAwMC9zdmciPjwvc3ZnPg==\" \/><\/a><\/figure>\n\n<h2 style=\"font-size:clamp(14px, 0.875rem + ((1vw - 3.2px) * 0.341), 17px); padding-top:0;padding-bottom:0;margin-top:14px;margin-bottom:14px;\" class=\"has-link-color wp-elements-49c611a60fd73f724d2974d291d6015c wp-block-post-title has-text-color has-primary-color has-ibm-plex-mono-font-family\"><a href=\"https:\/\/errr-magazine.com\/english\/dont-think-twice\/\" target=\"_self\" >Don&#8217;t think twice<\/a><\/h2>\n\n<div style=\"font-size:11px;\" class=\"is-acf-field wp-block-mfb-meta-field-block has-ibm-plex-mono-font-family\"><div class=\"value\">ERRR Prints For the Coffee Lovers No. 02 <br>\r\nMarzo-Abril 2026<br>\r\n20 prints en blanco y negro<br>\r\nSize: 11 \u00d7 15 cm<br><\/div><\/div>\n\n\n<p class=\"has-ibm-plex-mono-font-family\" style=\"font-size:11px\"><\/p>\n\n\n\n<p class=\"has-ibm-plex-mono-font-family\" style=\"font-size:11px\"><\/p>\n<\/div>\n\n\n\n<div style=\"height:20px\" aria-hidden=\"true\" class=\"wp-block-spacer\"><\/div>\n\n<\/li><li class=\"wp-block-post post-193390 post type-post status-publish format-standard has-post-thumbnail hentry category-errr-prints\">\n\n<div class=\"wp-block-group is-layout-flow wp-block-group-is-layout-flow\" style=\"padding-top:0px;padding-right:0px;padding-bottom:0px;padding-left:0px\"><figure style=\"aspect-ratio:1;\" class=\"wp-block-post-featured-image\"><a href=\"https:\/\/errr-magazine.com\/english\/for-the-coffee-lovers-no-1\/\" target=\"_self\"  ><img decoding=\"async\" width=\"2000\" height=\"2000\" data-src=\"https:\/\/errr-magazine.com\/wp-content\/uploads\/2025\/09\/IMG_8688-Cuadrada.jpg\" class=\"attachment-post-thumbnail size-post-thumbnail wp-post-image lazyload\" alt=\"For the coffee lovers\" style=\"--smush-placeholder-width: 2000px; --smush-placeholder-aspect-ratio: 2000\/2000;border-radius:8px;border-style:none;border-width:0px;width:100%;height:100%;object-fit:cover;\" data-srcset=\"https:\/\/errr-magazine.com\/wp-content\/uploads\/2025\/09\/IMG_8688-Cuadrada.jpg 2000w, https:\/\/errr-magazine.com\/wp-content\/uploads\/2025\/09\/IMG_8688-Cuadrada-300x300.jpg 300w, https:\/\/errr-magazine.com\/wp-content\/uploads\/2025\/09\/IMG_8688-Cuadrada-1024x1024.jpg 1024w, https:\/\/errr-magazine.com\/wp-content\/uploads\/2025\/09\/IMG_8688-Cuadrada-768x768.jpg 768w, https:\/\/errr-magazine.com\/wp-content\/uploads\/2025\/09\/IMG_8688-Cuadrada-1536x1536.jpg 1536w, https:\/\/errr-magazine.com\/wp-content\/uploads\/2025\/09\/IMG_8688-Cuadrada-12x12.jpg 12w\" data-sizes=\"(max-width: 2000px) 100vw, 2000px\" src=\"data:image\/svg+xml;base64,PHN2ZyB3aWR0aD0iMSIgaGVpZ2h0PSIxIiB4bWxucz0iaHR0cDovL3d3dy53My5vcmcvMjAwMC9zdmciPjwvc3ZnPg==\" \/><\/a><\/figure>\n\n<h2 style=\"font-size:clamp(14px, 0.875rem + ((1vw - 3.2px) * 0.341), 17px); padding-top:0;padding-bottom:0;margin-top:14px;margin-bottom:14px;\" class=\"has-link-color wp-elements-49c611a60fd73f724d2974d291d6015c wp-block-post-title has-text-color has-primary-color has-ibm-plex-mono-font-family\"><a href=\"https:\/\/errr-magazine.com\/english\/for-the-coffee-lovers-no-1\/\" target=\"_self\" >For the coffee lovers<\/a><\/h2>\n\n<div style=\"font-size:11px;\" class=\"is-acf-field wp-block-mfb-meta-field-block has-ibm-plex-mono-font-family\"><div class=\"value\">ERRR Prints For the Coffee Lovers No. 01 <br>\r\nOctober 2025<br>\r\n20 prints en blanco y negro<br>\r\nSize: 11 \u00d7 15 cm<br><\/div><\/div>\n\n\n<p class=\"has-ibm-plex-mono-font-family\" style=\"font-size:11px\"><\/p>\n\n\n\n<p class=\"has-ibm-plex-mono-font-family\" style=\"font-size:11px\"><\/p>\n<\/div>\n\n\n\n<div style=\"height:20px\" aria-hidden=\"true\" class=\"wp-block-spacer\"><\/div>\n\n<\/li><li class=\"wp-block-post post-192284 post type-post status-publish format-standard has-post-thumbnail hentry category-errr-prints\">\n\n<div class=\"wp-block-group is-layout-flow wp-block-group-is-layout-flow\" style=\"padding-top:0px;padding-right:0px;padding-bottom:0px;padding-left:0px\"><figure style=\"aspect-ratio:1;\" class=\"wp-block-post-featured-image\"><a href=\"https:\/\/errr-magazine.com\/english\/i-think-about-you-but-i-dont-say-it-anymore\/\" target=\"_self\"  ><img decoding=\"async\" width=\"2560\" height=\"1707\" data-src=\"https:\/\/errr-magazine.com\/wp-content\/uploads\/2024\/04\/dclassic-2025-12-11-154822.309-scaled.jpg\" class=\"attachment-post-thumbnail size-post-thumbnail wp-post-image lazyload\" alt=\"I think about you but I don&#039;t say it anymore\" style=\"--smush-placeholder-width: 2560px; --smush-placeholder-aspect-ratio: 2560\/1707;border-radius:8px;border-style:none;border-width:0px;width:100%;height:100%;object-fit:cover;\" data-srcset=\"https:\/\/errr-magazine.com\/wp-content\/uploads\/2024\/04\/dclassic-2025-12-11-154822.309-scaled.jpg 2560w, https:\/\/errr-magazine.com\/wp-content\/uploads\/2024\/04\/dclassic-2025-12-11-154822.309-300x200.jpg 300w, https:\/\/errr-magazine.com\/wp-content\/uploads\/2024\/04\/dclassic-2025-12-11-154822.309-1024x683.jpg 1024w, https:\/\/errr-magazine.com\/wp-content\/uploads\/2024\/04\/dclassic-2025-12-11-154822.309-768x512.jpg 768w, https:\/\/errr-magazine.com\/wp-content\/uploads\/2024\/04\/dclassic-2025-12-11-154822.309-1536x1024.jpg 1536w, https:\/\/errr-magazine.com\/wp-content\/uploads\/2024\/04\/dclassic-2025-12-11-154822.309-2048x1365.jpg 2048w, https:\/\/errr-magazine.com\/wp-content\/uploads\/2024\/04\/dclassic-2025-12-11-154822.309-18x12.jpg 18w\" data-sizes=\"(max-width: 2560px) 100vw, 2560px\" src=\"data:image\/svg+xml;base64,PHN2ZyB3aWR0aD0iMSIgaGVpZ2h0PSIxIiB4bWxucz0iaHR0cDovL3d3dy53My5vcmcvMjAwMC9zdmciPjwvc3ZnPg==\" \/><\/a><\/figure>\n\n<h2 style=\"font-size:clamp(14px, 0.875rem + ((1vw - 3.2px) * 0.341), 17px); padding-top:0;padding-bottom:0;margin-top:14px;margin-bottom:14px;\" class=\"has-link-color wp-elements-49c611a60fd73f724d2974d291d6015c wp-block-post-title has-text-color has-primary-color has-ibm-plex-mono-font-family\"><a href=\"https:\/\/errr-magazine.com\/english\/i-think-about-you-but-i-dont-say-it-anymore\/\" target=\"_self\" >I think about you but I don't say it anymore<\/a><\/h2>\n\n<div style=\"font-size:11px;\" class=\"is-acf-field wp-block-mfb-meta-field-block has-ibm-plex-mono-font-family\"><div class=\"value\">ERRR Prints No. 04 <br>\r\nOctober 2014<br>\r\n20 prints en blanco y negro<br>\r\nSize: 11 \u00d7 15 cm<br><\/div><\/div>\n\n\n<p class=\"has-ibm-plex-mono-font-family\" style=\"font-size:11px\"><\/p>\n\n\n\n<p class=\"has-ibm-plex-mono-font-family\" style=\"font-size:11px\"><\/p>\n<\/div>\n\n\n\n<div style=\"height:20px\" aria-hidden=\"true\" class=\"wp-block-spacer\"><\/div>\n\n<\/li><li class=\"wp-block-post post-195684 post type-post status-publish format-standard has-post-thumbnail hentry category-errr-prints\">\n\n<div class=\"wp-block-group is-layout-flow wp-block-group-is-layout-flow\" style=\"padding-top:0px;padding-right:0px;padding-bottom:0px;padding-left:0px\"><figure style=\"aspect-ratio:1;\" class=\"wp-block-post-featured-image\"><a href=\"https:\/\/errr-magazine.com\/english\/robert-de-niro\/\" target=\"_self\"  ><img decoding=\"async\" width=\"2560\" height=\"1707\" data-src=\"https:\/\/errr-magazine.com\/wp-content\/uploads\/2001\/12\/dclassic-2025-12-11-155016.732-scaled.jpg\" class=\"attachment-post-thumbnail size-post-thumbnail wp-post-image lazyload\" alt=\"Robert De Niro\" style=\"--smush-placeholder-width: 2560px; --smush-placeholder-aspect-ratio: 2560\/1707;border-radius:8px;border-style:none;border-width:0px;width:100%;height:100%;object-fit:cover;\" data-srcset=\"https:\/\/errr-magazine.com\/wp-content\/uploads\/2001\/12\/dclassic-2025-12-11-155016.732-scaled.jpg 2560w, https:\/\/errr-magazine.com\/wp-content\/uploads\/2001\/12\/dclassic-2025-12-11-155016.732-300x200.jpg 300w, https:\/\/errr-magazine.com\/wp-content\/uploads\/2001\/12\/dclassic-2025-12-11-155016.732-1024x683.jpg 1024w, https:\/\/errr-magazine.com\/wp-content\/uploads\/2001\/12\/dclassic-2025-12-11-155016.732-768x512.jpg 768w, https:\/\/errr-magazine.com\/wp-content\/uploads\/2001\/12\/dclassic-2025-12-11-155016.732-1536x1024.jpg 1536w, https:\/\/errr-magazine.com\/wp-content\/uploads\/2001\/12\/dclassic-2025-12-11-155016.732-2048x1365.jpg 2048w, https:\/\/errr-magazine.com\/wp-content\/uploads\/2001\/12\/dclassic-2025-12-11-155016.732-18x12.jpg 18w\" data-sizes=\"(max-width: 2560px) 100vw, 2560px\" src=\"data:image\/svg+xml;base64,PHN2ZyB3aWR0aD0iMSIgaGVpZ2h0PSIxIiB4bWxucz0iaHR0cDovL3d3dy53My5vcmcvMjAwMC9zdmciPjwvc3ZnPg==\" \/><\/a><\/figure>\n\n<h2 style=\"font-size:clamp(14px, 0.875rem + ((1vw - 3.2px) * 0.341), 17px); padding-top:0;padding-bottom:0;margin-top:14px;margin-bottom:14px;\" class=\"has-link-color wp-elements-49c611a60fd73f724d2974d291d6015c wp-block-post-title has-text-color has-primary-color has-ibm-plex-mono-font-family\"><a href=\"https:\/\/errr-magazine.com\/english\/robert-de-niro\/\" target=\"_self\" >Robert De Niro<\/a><\/h2>\n\n<div style=\"font-size:11px;\" class=\"is-acf-field wp-block-mfb-meta-field-block has-ibm-plex-mono-font-family\"><div class=\"value\">ERRR Prints No. 03 <br>\r\nAugust 2014<br>\r\n20 prints en blanco y negro<br>\r\nSize: 11 \u00d7 15 cm<br><\/div><\/div>\n\n\n<p class=\"has-ibm-plex-mono-font-family\" style=\"font-size:11px\"><\/p>\n\n\n\n<p class=\"has-ibm-plex-mono-font-family\" style=\"font-size:11px\"><\/p>\n<\/div>\n\n\n\n<div style=\"height:20px\" aria-hidden=\"true\" class=\"wp-block-spacer\"><\/div>\n\n<\/li><li class=\"wp-block-post post-192274 post type-post status-publish format-standard has-post-thumbnail hentry category-errr-prints\">\n\n<div class=\"wp-block-group is-layout-flow wp-block-group-is-layout-flow\" style=\"padding-top:0px;padding-right:0px;padding-bottom:0px;padding-left:0px\"><figure style=\"aspect-ratio:1;\" class=\"wp-block-post-featured-image\"><a href=\"https:\/\/errr-magazine.com\/english\/errr-interviews\/\" target=\"_self\"  ><img decoding=\"async\" width=\"2560\" height=\"1707\" data-src=\"https:\/\/errr-magazine.com\/wp-content\/uploads\/2025\/04\/dclassic-2025-12-11-155116.148-scaled.jpg\" class=\"attachment-post-thumbnail size-post-thumbnail wp-post-image lazyload\" alt=\"Interviews\" style=\"--smush-placeholder-width: 2560px; --smush-placeholder-aspect-ratio: 2560\/1707;border-radius:8px;border-style:none;border-width:0px;width:100%;height:100%;object-fit:cover;\" data-srcset=\"https:\/\/errr-magazine.com\/wp-content\/uploads\/2025\/04\/dclassic-2025-12-11-155116.148-scaled.jpg 2560w, https:\/\/errr-magazine.com\/wp-content\/uploads\/2025\/04\/dclassic-2025-12-11-155116.148-300x200.jpg 300w, https:\/\/errr-magazine.com\/wp-content\/uploads\/2025\/04\/dclassic-2025-12-11-155116.148-1024x683.jpg 1024w, https:\/\/errr-magazine.com\/wp-content\/uploads\/2025\/04\/dclassic-2025-12-11-155116.148-768x512.jpg 768w, https:\/\/errr-magazine.com\/wp-content\/uploads\/2025\/04\/dclassic-2025-12-11-155116.148-1536x1024.jpg 1536w, https:\/\/errr-magazine.com\/wp-content\/uploads\/2025\/04\/dclassic-2025-12-11-155116.148-2048x1365.jpg 2048w, https:\/\/errr-magazine.com\/wp-content\/uploads\/2025\/04\/dclassic-2025-12-11-155116.148-18x12.jpg 18w\" data-sizes=\"(max-width: 2560px) 100vw, 2560px\" src=\"data:image\/svg+xml;base64,PHN2ZyB3aWR0aD0iMSIgaGVpZ2h0PSIxIiB4bWxucz0iaHR0cDovL3d3dy53My5vcmcvMjAwMC9zdmciPjwvc3ZnPg==\" \/><\/a><\/figure>\n\n<h2 style=\"font-size:clamp(14px, 0.875rem + ((1vw - 3.2px) * 0.341), 17px); padding-top:0;padding-bottom:0;margin-top:14px;margin-bottom:14px;\" class=\"has-link-color wp-elements-49c611a60fd73f724d2974d291d6015c wp-block-post-title has-text-color has-primary-color has-ibm-plex-mono-font-family\"><a href=\"https:\/\/errr-magazine.com\/english\/errr-interviews\/\" target=\"_self\" >Interviews<\/a><\/h2>\n\n<div style=\"font-size:11px;\" class=\"is-acf-field wp-block-mfb-meta-field-block has-ibm-plex-mono-font-family\"><div class=\"value\">ERRR Prints No. 02 <br>\r\nJune 2014<br>\r\n20 prints en blanco y negro<br>\r\nSize: 11 \u00d7 15 cm<br><\/div><\/div>\n\n\n<p class=\"has-ibm-plex-mono-font-family\" style=\"font-size:11px\"><\/p>\n\n\n\n<p class=\"has-ibm-plex-mono-font-family\" style=\"font-size:11px\"><\/p>\n<\/div>\n\n\n\n<div style=\"height:20px\" aria-hidden=\"true\" class=\"wp-block-spacer\"><\/div>\n\n<\/li><\/ul>\n\n\n\n\n<div style=\"height:58px\" aria-hidden=\"true\" class=\"wp-block-spacer\"><\/div>\n<\/div>\n\n\n\n<p><\/p>","protected":false},"excerpt":{"rendered":"<p>Prints \u201cPersonally, I can't live without my art. But I have never put that art above anything else.\u201d -Albert Camus<\/p>","protected":false},"author":2641,"featured_media":0,"parent":0,"menu_order":0,"comment_status":"closed","ping_status":"closed","template":"","meta":{"_acf_changed":false,"cybocfi_hide_featured_image":"","footnotes":""},"class_list":["post-195657","page","type-page","status-publish","hentry"],"acf":[],"mb":[],"yoast_head":"<!-- This site is optimized with the Yoast SEO plugin v27.2 - https:\/\/yoast.com\/product\/yoast-seo-wordpress\/ -->\n<title>Prints - ERRR MAGAZINE<\/title>\n<meta name=\"robots\" content=\"index, follow, max-snippet:-1, max-image-preview:large, max-video-preview:-1\" \/>\n<link rel=\"canonical\" href=\"https:\/\/errr-magazine.com\/english\/prints\/\" \/>\n<meta property=\"og:locale\" content=\"en_US\" \/>\n<meta property=\"og:type\" content=\"article\" \/>\n<meta property=\"og:title\" content=\"Prints - ERRR MAGAZINE\" \/>\n<meta property=\"og:description\" content=\"Prints \u201cPersonalmente, no puedo vivir sin mi arte. Pero jam\u00e1s he puesto ese arte por encima de cualquier cosa.\u201d \u2013Albert Camus\" \/>\n<meta property=\"og:url\" content=\"https:\/\/errr-magazine.com\/english\/prints\/\" \/>\n<meta property=\"og:site_name\" content=\"ERRR MAGAZINE\" \/>\n<meta property=\"article:modified_time\" content=\"2026-02-12T03:44:46+00:00\" \/>\n<meta name=\"twitter:card\" content=\"summary_large_image\" \/>\n<meta name=\"twitter:label1\" content=\"Est. reading time\" \/>\n\t<meta name=\"twitter:data1\" content=\"1 minute\" \/>\n<script type=\"application\/ld+json\" class=\"yoast-schema-graph\">{\"@context\":\"https:\/\/schema.org\",\"@graph\":[{\"@type\":\"WebPage\",\"@id\":\"https:\/\/errr-magazine.com\/prints\/\",\"url\":\"https:\/\/errr-magazine.com\/prints\/\",\"name\":\"Prints - ERRR MAGAZINE\",\"isPartOf\":{\"@id\":\"https:\/\/errr-magazine.com\/#website\"},\"datePublished\":\"2025-12-11T21:24:03+00:00\",\"dateModified\":\"2026-02-12T03:44:46+00:00\",\"breadcrumb\":{\"@id\":\"https:\/\/errr-magazine.com\/prints\/#breadcrumb\"},\"inLanguage\":\"en-US\",\"potentialAction\":[{\"@type\":\"ReadAction\",\"target\":[\"https:\/\/errr-magazine.com\/prints\/\"]}]},{\"@type\":\"BreadcrumbList\",\"@id\":\"https:\/\/errr-magazine.com\/prints\/#breadcrumb\",\"itemListElement\":[{\"@type\":\"ListItem\",\"position\":1,\"name\":\"Portada\",\"item\":\"https:\/\/errr-magazine.com\/\"},{\"@type\":\"ListItem\",\"position\":2,\"name\":\"Prints\"}]},{\"@type\":\"WebSite\",\"@id\":\"https:\/\/errr-magazine.com\/#website\",\"url\":\"https:\/\/errr-magazine.com\/\",\"name\":\"ERRR MAGAZINE\",\"description\":\"\",\"potentialAction\":[{\"@type\":\"SearchAction\",\"target\":{\"@type\":\"EntryPoint\",\"urlTemplate\":\"https:\/\/errr-magazine.com\/?s={search_term_string}\"},\"query-input\":{\"@type\":\"PropertyValueSpecification\",\"valueRequired\":true,\"valueName\":\"search_term_string\"}}],\"inLanguage\":\"en-US\"}]}<\/script>\n<!-- \/ Yoast SEO plugin. -->","yoast_head_json":{"title":"Prints - ERRR MAGAZINE","robots":{"index":"index","follow":"follow","max-snippet":"max-snippet:-1","max-image-preview":"max-image-preview:large","max-video-preview":"max-video-preview:-1"},"canonical":"https:\/\/errr-magazine.com\/english\/prints\/","og_locale":"en_US","og_type":"article","og_title":"Prints - ERRR MAGAZINE","og_description":"Prints \u201cPersonalmente, no puedo vivir sin mi arte. Pero jam\u00e1s he puesto ese arte por encima de cualquier cosa.\u201d \u2013Albert Camus","og_url":"https:\/\/errr-magazine.com\/english\/prints\/","og_site_name":"ERRR MAGAZINE","article_modified_time":"2026-02-12T03:44:46+00:00","twitter_card":"summary_large_image","twitter_misc":{"Est. reading time":"1 minute"},"schema":{"@context":"https:\/\/schema.org","@graph":[{"@type":"WebPage","@id":"https:\/\/errr-magazine.com\/prints\/","url":"https:\/\/errr-magazine.com\/prints\/","name":"Prints - ERRR MAGAZINE","isPartOf":{"@id":"https:\/\/errr-magazine.com\/#website"},"datePublished":"2025-12-11T21:24:03+00:00","dateModified":"2026-02-12T03:44:46+00:00","breadcrumb":{"@id":"https:\/\/errr-magazine.com\/prints\/#breadcrumb"},"inLanguage":"en-US","potentialAction":[{"@type":"ReadAction","target":["https:\/\/errr-magazine.com\/prints\/"]}]},{"@type":"BreadcrumbList","@id":"https:\/\/errr-magazine.com\/prints\/#breadcrumb","itemListElement":[{"@type":"ListItem","position":1,"name":"Portada","item":"https:\/\/errr-magazine.com\/"},{"@type":"ListItem","position":2,"name":"Prints"}]},{"@type":"WebSite","@id":"https:\/\/errr-magazine.com\/#website","url":"https:\/\/errr-magazine.com\/","name":"ERRR MAGAZINE","description":"","potentialAction":[{"@type":"SearchAction","target":{"@type":"EntryPoint","urlTemplate":"https:\/\/errr-magazine.com\/?s={search_term_string}"},"query-input":{"@type":"PropertyValueSpecification","valueRequired":true,"valueName":"search_term_string"}}],"inLanguage":"en-US"}]}},"jetpack-related-posts":[{"id":188309,"url":"https:\/\/errr-magazine.com\/english\/","url_meta":{"origin":195657,"position":0},"title":"Home","author":"ERRR Magazine","date":"04\/22\/2025","format":false,"excerpt":"Interviews \"Si es absolutamente necesario que el arte o el teatro sirvan para algo, ser\u00e1 para ense\u00f1ar a la gente que hay actividades que no sirven para nada y que es indispensable que las haya.\"\u2013Eug\u00e8ne Ionesco Places \u201cUna ciudad se parece a un animal. Posee un sistema nervioso, una cabeza,\u2026","rel":"","context":"Similar post","block_context":{"text":"Similar post","link":""},"img":{"alt_text":"","src":"","width":0,"height":0},"classes":[]},{"id":196555,"url":"https:\/\/errr-magazine.com\/english\/convocatoria-errr-prints\/","url_meta":{"origin":195657,"position":1},"title":"Convocatoria ERRR Prints","author":"ERRR Magazine","date":"12\/31\/2025","format":false,"excerpt":"ConvocatoriaERRR Prints No. 03 Te invitamos a publicar tus textos (poes\u00eda, mini cuentos, aforismos) en la siguiente edici\u00f3n de las ERRR PRINTS! Env\u00eda tu propuesta por email a info@errr-magazine.com tomando en cuenta lo siguiente: Asunto del correo: ERRR PRINTS No. 03 La extensi\u00f3n m\u00e1xima es de 500 caracteres. El tema\u2026","rel":"","context":"Similar post","block_context":{"text":"Similar post","link":""},"img":{"alt_text":"","src":"","width":0,"height":0},"classes":[]},{"id":201700,"url":"https:\/\/errr-magazine.com\/english\/guia-de-exhibicion-y-venta\/","url_meta":{"origin":195657,"position":2},"title":"Gu\u00eda de exhibici\u00f3n y venta","author":"ERRR Magazine","date":"03\/05\/2026","format":false,"excerpt":"Gu\u00eda de exhibici\u00f3n y venta \u00a1Muchas gracias por formar parte de esta comunidad de espacios que celebran el caf\u00e9 y el pan, y apoyan el trabajo de artistas independientes! Te dejamos aqu\u00ed algunas ideas, informaci\u00f3n y recursos para ayudarte a exhibir, y compartir cada edici\u00f3n de las ERRR PRINTS, y\u2026","rel":"","context":"Similar post","block_context":{"text":"Similar post","link":""},"img":{"alt_text":"","src":"https:\/\/i0.wp.com\/errr-magazine.com\/wp-content\/uploads\/2026\/03\/WhatsApp-Image-2026-03-03-at-16.29.33-copy.jpg?resize=350%2C200&ssl=1","width":350,"height":200,"srcset":"https:\/\/i0.wp.com\/errr-magazine.com\/wp-content\/uploads\/2026\/03\/WhatsApp-Image-2026-03-03-at-16.29.33-copy.jpg?resize=350%2C200&ssl=1 1x, https:\/\/i0.wp.com\/errr-magazine.com\/wp-content\/uploads\/2026\/03\/WhatsApp-Image-2026-03-03-at-16.29.33-copy.jpg?resize=525%2C300&ssl=1 1.5x"},"classes":[]},{"id":199654,"url":"https:\/\/errr-magazine.com\/english\/pasos-siguientes\/","url_meta":{"origin":195657,"position":3},"title":"Pasos siguientes","author":"ERRR Magazine","date":"02\/25\/2026","format":false,"excerpt":"Pasos siguientes Muchas gracias por confirmar tu participaci\u00f3n en esta edici\u00f3n de los ERRR PRINTS For the Coffee Lovers! Sigamos impulsando y compartiendo juntxs la cultura del caf\u00e9 y el pan, la escritura y las artes visuales :D Mientras imprimimos y empacamos las postales, lo que sigue ahora para ustedes\u2026","rel":"","context":"Similar post","block_context":{"text":"Similar post","link":""},"img":{"alt_text":"","src":"","width":0,"height":0},"classes":[]},{"id":203742,"url":"https:\/\/errr-magazine.com\/english\/seguimiento-rapido\/","url_meta":{"origin":195657,"position":4},"title":"Seguimiento r\u00e1pido","author":"ERRR Magazine","date":"04\/07\/2026","format":false,"excerpt":"Seguimiento r\u00e1pido \u00a1Muchas gracias por ser parte de ERRR PRINTS For the Coffee Lovers! Este cuestionario nos ayuda a entender c\u00f3mo se est\u00e1n moviendo las prints en tu espacio (ventas, exhibici\u00f3n y percepci\u00f3n del p\u00fablico) para mejorar la siguiente edici\u00f3n. Toma menos de 2 minutos y nos ayuda a decidir\u2026","rel":"","context":"Similar post","block_context":{"text":"Similar post","link":""},"img":{"alt_text":"","src":"","width":0,"height":0},"classes":[]},{"id":126805,"url":"https:\/\/errr-magazine.com\/english\/colaboraciones\/","url_meta":{"origin":195657,"position":5},"title":"Submissions","author":"ERRR Magazine","date":"01\/14\/2018","format":false,"excerpt":"Colaboraciones 1. ARTES VISUALES, M\u00daSICA Y LIBROSSi quieres compartir con nuestrxs lectores acerca de tus procesos y tus trabajos m\u00e1s recientes en la secci\u00f3n Interviews, m\u00e1ndanos un mensaje directamente a nuestra cuenta de Instagram. 2. ESCRITURA (poes\u00eda, cuentos, ensayo, rese\u00f1as) Para publicar tus textos en nuestra secci\u00f3n Writing, sigue estos\u2026","rel":"","context":"Similar post","block_context":{"text":"Similar post","link":""},"img":{"alt_text":"","src":"","width":0,"height":0},"classes":[]}],"jetpack_sharing_enabled":true,"mfb_rest_fields":["title","yoast_head","yoast_head_json","jetpack-related-posts","jetpack_sharing_enabled"],"_links":{"self":[{"href":"https:\/\/errr-magazine.com\/english\/wp-json\/wp\/v2\/pages\/195657","targetHints":{"allow":["GET"]}}],"collection":[{"href":"https:\/\/errr-magazine.com\/english\/wp-json\/wp\/v2\/pages"}],"about":[{"href":"https:\/\/errr-magazine.com\/english\/wp-json\/wp\/v2\/types\/page"}],"author":[{"embeddable":true,"href":"https:\/\/errr-magazine.com\/english\/wp-json\/wp\/v2\/users\/2641"}],"replies":[{"embeddable":true,"href":"https:\/\/errr-magazine.com\/english\/wp-json\/wp\/v2\/comments?post=195657"}],"version-history":[{"count":7,"href":"https:\/\/errr-magazine.com\/english\/wp-json\/wp\/v2\/pages\/195657\/revisions"}],"predecessor-version":[{"id":199984,"href":"https:\/\/errr-magazine.com\/english\/wp-json\/wp\/v2\/pages\/195657\/revisions\/199984"}],"wp:attachment":[{"href":"https:\/\/errr-magazine.com\/english\/wp-json\/wp\/v2\/media?parent=195657"}],"curies":[{"name":"wp","href":"https:\/\/api.w.org\/{rel}","templated":true}]}}